{"id":7,"date":"2015-06-29T16:37:05","date_gmt":"2015-06-29T14:37:05","guid":{"rendered":"http:\/\/home.lohmueller.ch:4380\/blog\/?page_id=7"},"modified":"2017-10-09T19:20:26","modified_gmt":"2017-10-09T17:20:26","slug":"die-werkstatt","status":"publish","type":"page","link":"https:\/\/makerspace-rheinfelden.ch\/blog\/die-werkstatt\/","title":{"rendered":"Die Werkstatt"},"content":{"rendered":"<p style=\"text-align: justify;\">Anfang September 2015 haben\u00a0wir unsere Werkstatt am Weidenweg 17 in Rheinfelden AG bezogen, wo wir von der Firma Indutrade Switzerland AG zwei R\u00e4ume von 50 m\u00b2 und 80 m\u00b2 gemietet haben.<\/p>\n<p style=\"text-align: justify;\">Der Eingang befindet sich links neben der Laderampe, die am einfachsten \u00fcber den \u00a0Pappelnweg zu erreichen ist. In 100 m Entfernung ist\u00a0die Bushaltestelle Pappelnweg mit Verbindungen zu den\u00a0Bahnh\u00f6fen\u00a0Rheinfelden und Augarten.<\/p>\n<p style=\"text-align: justify;\">Vorhandene Ger\u00e4te sind unter anderem:<\/p>\n<ul>\n<li style=\"text-align: justify;\">verschiedene 3D-Drucker \/ 3Doodler<\/li>\n<li style=\"text-align: justify;\">CNC-Fr\u00e4se<\/li>\n<li style=\"text-align: justify;\">Kreis- und Bands\u00e4ge<\/li>\n<li style=\"text-align: justify;\">Hobelmaschine<\/li>\n<li style=\"text-align: justify;\">Laubs\u00e4gemaschine<\/li>\n<li style=\"text-align: justify;\">Drehbank Sch\u00e4ublin 120<\/li>\n<li style=\"text-align: justify;\">Fr\u00e4smaschine Sch\u00e4ublin 13<\/li>\n<li style=\"text-align: justify;\">Sandstrahlmaschine<\/li>\n<li>LaserCutter LaserSaur<\/li>\n<li style=\"text-align: justify;\">Doppel-Schleifmaschine \/ Stirnschleifmaschine<\/li>\n<li style=\"text-align: justify;\">verschiedene elektrische Handwerkzeuge (Akkubohrer, Flex, Kreiss\u00e4ge, Oberfr\u00e4se, etc.)<\/li>\n<li style=\"text-align: justify;\">verschiedene sonstige Handwerkzeuge (Schweissapparat, Handl\u00f6tger\u00e4t, g\u00e4ngiges Werkzeugset, etc.)<\/li>\n<li style=\"text-align: justify;\">Elektronikarbeitspl\u00e4tze (L\u00f6tstation, Labor-Netzteil, Oszilloskop)<\/li>\n<li style=\"text-align: justify;\">PC-Desktop und Notebook-Arbeitspl\u00e4tze<\/li>\n<li style=\"text-align: justify;\">A0-Plotter<\/li>\n<li style=\"text-align: justify;\">A4-Laserdrucker<\/li>\n<li style=\"text-align: justify;\">WLAN \/ Internetanschluss<\/li>\n<li style=\"text-align: justify;\">Kaffeemaschine \ud83d\ude42<\/li>\n<\/ul>\n<div id=\"attachment_409\" style=\"width: 643px\" class=\"wp-caption alignnone\"><a href=\"http:\/\/makerspace-rheinfelden.ch.puls.ch-meta.net\/blog\/wp-content\/uploads\/2015\/06\/Bildschirmfoto-2015-09-05-um-13.44.57.png\" rel=\"lightbox[7]\"><img aria-describedby=\"caption-attachment-409\" loading=\"lazy\" class=\"wp-image-409\" src=\"http:\/\/makerspace-rheinfelden.ch.puls.ch-meta.net\/blog\/wp-content\/uploads\/2015\/06\/Bildschirmfoto-2015-09-05-um-13.44.57.png\" alt=\"Foto Vorderansicht\" width=\"633\" height=\"295\" srcset=\"https:\/\/makerspace-rheinfelden.ch\/blog\/wp-content\/uploads\/2015\/06\/Bildschirmfoto-2015-09-05-um-13.44.57.png 832w, https:\/\/makerspace-rheinfelden.ch\/blog\/wp-content\/uploads\/2015\/06\/Bildschirmfoto-2015-09-05-um-13.44.57-250x117.png 250w, https:\/\/makerspace-rheinfelden.ch\/blog\/wp-content\/uploads\/2015\/06\/Bildschirmfoto-2015-09-05-um-13.44.57-700x326.png 700w, https:\/\/makerspace-rheinfelden.ch\/blog\/wp-content\/uploads\/2015\/06\/Bildschirmfoto-2015-09-05-um-13.44.57-120x56.png 120w\" sizes=\"(max-width: 633px) 100vw, 633px\" \/><\/a><p id=\"caption-attachment-409\" class=\"wp-caption-text\">Weidenweg 17 &#8211; Vorderansicht<\/p><\/div>\n<div id=\"attachment_410\" style=\"width: 643px\" class=\"wp-caption alignnone\"><a href=\"http:\/\/makerspace-rheinfelden.ch.puls.ch-meta.net\/blog\/wp-content\/uploads\/2015\/06\/Bildschirmfoto-2015-09-05-um-13.43.34.png\" rel=\"lightbox[7]\"><img aria-describedby=\"caption-attachment-410\" loading=\"lazy\" class=\"wp-image-410\" src=\"http:\/\/makerspace-rheinfelden.ch.puls.ch-meta.net\/blog\/wp-content\/uploads\/2015\/06\/Bildschirmfoto-2015-09-05-um-13.43.34.png\" alt=\"Foto Hinteransicht\" width=\"633\" height=\"274\" srcset=\"https:\/\/makerspace-rheinfelden.ch\/blog\/wp-content\/uploads\/2015\/06\/Bildschirmfoto-2015-09-05-um-13.43.34.png 1134w, https:\/\/makerspace-rheinfelden.ch\/blog\/wp-content\/uploads\/2015\/06\/Bildschirmfoto-2015-09-05-um-13.43.34-250x108.png 250w, https:\/\/makerspace-rheinfelden.ch\/blog\/wp-content\/uploads\/2015\/06\/Bildschirmfoto-2015-09-05-um-13.43.34-700x303.png 700w, https:\/\/makerspace-rheinfelden.ch\/blog\/wp-content\/uploads\/2015\/06\/Bildschirmfoto-2015-09-05-um-13.43.34-120x52.png 120w\" sizes=\"(max-width: 633px) 100vw, 633px\" \/><\/a><p id=\"caption-attachment-410\" class=\"wp-caption-text\">Eingang zum Makerspace &#8211; Hinteransicht<\/p><\/div>\n<p><a href=\"https:\/\/makerspace-rheinfelden.ch\/blog\/wp-content\/uploads\/2015\/06\/Werkstatt_FabLab_Makerspace_Rheinfelden_002.jpg\" rel=\"lightbox[7]\"><img loading=\"lazy\" width=\"700\" height=\"467\" class=\"size-large wp-image-2387 alignnone\" src=\"https:\/\/makerspace-rheinfelden.ch\/blog\/wp-content\/uploads\/2015\/06\/Werkstatt_FabLab_Makerspace_Rheinfelden_002-700x467.jpg\" alt=\"Schaublin 120\" srcset=\"https:\/\/makerspace-rheinfelden.ch\/blog\/wp-content\/uploads\/2015\/06\/Werkstatt_FabLab_Makerspace_Rheinfelden_002-700x467.jpg 700w, https:\/\/makerspace-rheinfelden.ch\/blog\/wp-content\/uploads\/2015\/06\/Werkstatt_FabLab_Makerspace_Rheinfelden_002-250x167.jpg 250w, https:\/\/makerspace-rheinfelden.ch\/blog\/wp-content\/uploads\/2015\/06\/Werkstatt_FabLab_Makerspace_Rheinfelden_002-768x513.jpg 768w, https:\/\/makerspace-rheinfelden.ch\/blog\/wp-content\/uploads\/2015\/06\/Werkstatt_FabLab_Makerspace_Rheinfelden_002-600x400.jpg 600w, https:\/\/makerspace-rheinfelden.ch\/blog\/wp-content\/uploads\/2015\/06\/Werkstatt_FabLab_Makerspace_Rheinfelden_002-120x80.jpg 120w, https:\/\/makerspace-rheinfelden.ch\/blog\/wp-content\/uploads\/2015\/06\/Werkstatt_FabLab_Makerspace_Rheinfelden_002.jpg 1918w\" sizes=\"(max-width: 700px) 100vw, 700px\" \/><\/a><\/p>\n<p>Schaublin 120<\/p>\n<p><a href=\"https:\/\/makerspace-rheinfelden.ch\/blog\/wp-content\/uploads\/2015\/06\/Werkstatt_FabLab_Makerspace_Rheinfelden_020.jpg\" rel=\"lightbox[7]\"><img loading=\"lazy\" width=\"700\" height=\"1049\" class=\"size-large wp-image-2388 alignnone\" src=\"https:\/\/makerspace-rheinfelden.ch\/blog\/wp-content\/uploads\/2015\/06\/Werkstatt_FabLab_Makerspace_Rheinfelden_020-700x1049.jpg\" alt=\"Schaublin 13\" srcset=\"https:\/\/makerspace-rheinfelden.ch\/blog\/wp-content\/uploads\/2015\/06\/Werkstatt_FabLab_Makerspace_Rheinfelden_020-700x1049.jpg 700w, https:\/\/makerspace-rheinfelden.ch\/blog\/wp-content\/uploads\/2015\/06\/Werkstatt_FabLab_Makerspace_Rheinfelden_020-250x375.jpg 250w, https:\/\/makerspace-rheinfelden.ch\/blog\/wp-content\/uploads\/2015\/06\/Werkstatt_FabLab_Makerspace_Rheinfelden_020-768x1151.jpg 768w, https:\/\/makerspace-rheinfelden.ch\/blog\/wp-content\/uploads\/2015\/06\/Werkstatt_FabLab_Makerspace_Rheinfelden_020-600x899.jpg 600w, https:\/\/makerspace-rheinfelden.ch\/blog\/wp-content\/uploads\/2015\/06\/Werkstatt_FabLab_Makerspace_Rheinfelden_020-120x180.jpg 120w, https:\/\/makerspace-rheinfelden.ch\/blog\/wp-content\/uploads\/2015\/06\/Werkstatt_FabLab_Makerspace_Rheinfelden_020.jpg 1280w\" sizes=\"(max-width: 700px) 100vw, 700px\" \/><\/a><\/p>\n<p>Schaublin\u00a0 13<\/p>\n","protected":false},"excerpt":{"rendered":"Anfang September 2015 haben\u00a0wir unsere Werkstatt am Weidenweg 17 in Rheinfelden AG bezogen, wo wir von der Firma Indutrade Switzerland AG zwei R\u00e4ume von 50 m\u00b2 und 80 m\u00b2 gemietet haben. Der Eingang befindet sich links neben der Laderampe, die am einfachsten \u00fcber den \u00a0Pappelnweg zu erreichen ist. In 100 m Entfernung ist\u00a0die Bushaltestelle Pappelnweg&#8230; <br \/><br \/><a class=\"view-article\" href=\"https:\/\/makerspace-rheinfelden.ch\/blog\/die-werkstatt\/\">Weiterlesen \u2192<\/a>","protected":false},"author":12,"featured_media":0,"parent":0,"menu_order":1,"comment_status":"closed","ping_status":"closed","template":"","meta":[],"yoast_head":"<!-- This site is optimized with the Yoast SEO plugin v17.0 - https:\/\/yoast.com\/wordpress\/plugins\/seo\/ -->\n<meta name=\"robots\" content=\"noindex, follow, max-snippet:-1, max-image-preview:large, max-video-preview:-1\" \/>\n<meta property=\"og:locale\" content=\"de_DE\" \/>\n<meta property=\"og:type\" content=\"article\" \/>\n<meta property=\"og:title\" content=\"Die Werkstatt - Makerspace FabLab Rheinfelden\" \/>\n<meta property=\"og:description\" content=\"Anfang September 2015 haben\u00a0wir unsere Werkstatt am Weidenweg 17 in Rheinfelden AG bezogen, wo wir von der Firma Indutrade Switzerland AG zwei R\u00e4ume von 50 m\u00b2 und 80 m\u00b2 gemietet haben. Der Eingang befindet sich links neben der Laderampe, die am einfachsten \u00fcber den \u00a0Pappelnweg zu erreichen ist. In 100 m Entfernung ist\u00a0die Bushaltestelle Pappelnweg... Weiterlesen \u2192\" \/>\n<meta property=\"og:url\" content=\"https:\/\/makerspace-rheinfelden.ch\/blog\/die-werkstatt\/\" \/>\n<meta property=\"og:site_name\" content=\"Makerspace FabLab Rheinfelden\" \/>\n<meta property=\"article:modified_time\" content=\"2017-10-09T17:20:26+00:00\" \/>\n<meta property=\"og:image\" content=\"http:\/\/makerspace-rheinfelden.ch.puls.ch-meta.net\/blog\/wp-content\/uploads\/2015\/06\/Bildschirmfoto-2015-09-05-um-13.44.57.png\" \/>\n<meta name=\"twitter:card\" content=\"summary\" \/>\n<meta name=\"twitter:label1\" content=\"Gesch\u00e4tzte Lesezeit\" \/>\n\t<meta name=\"twitter:data1\" content=\"1\u00a0Minute\" \/>\n<script type=\"application\/ld+json\" class=\"yoast-schema-graph\">{\"@context\":\"https:\/\/schema.org\",\"@graph\":[{\"@type\":\"WebSite\",\"@id\":\"https:\/\/makerspace-rheinfelden.ch\/blog\/#website\",\"url\":\"https:\/\/makerspace-rheinfelden.ch\/blog\/\",\"name\":\"Makerspace FabLab Rheinfelden\",\"description\":\"Webseite des Vereins Makerspace Fablab Rheinfelden\",\"potentialAction\":[{\"@type\":\"SearchAction\",\"target\":{\"@type\":\"EntryPoint\",\"urlTemplate\":\"https:\/\/makerspace-rheinfelden.ch\/blog\/?s={search_term_string}\"},\"query-input\":\"required name=search_term_string\"}],\"inLanguage\":\"de\"},{\"@type\":\"ImageObject\",\"@id\":\"https:\/\/makerspace-rheinfelden.ch\/blog\/die-werkstatt\/#primaryimage\",\"inLanguage\":\"de\",\"url\":\"http:\/\/makerspace-rheinfelden.ch.puls.ch-meta.net\/blog\/wp-content\/uploads\/2015\/06\/Bildschirmfoto-2015-09-05-um-13.44.57.png\",\"contentUrl\":\"http:\/\/makerspace-rheinfelden.ch.puls.ch-meta.net\/blog\/wp-content\/uploads\/2015\/06\/Bildschirmfoto-2015-09-05-um-13.44.57.png\"},{\"@type\":\"WebPage\",\"@id\":\"https:\/\/makerspace-rheinfelden.ch\/blog\/die-werkstatt\/#webpage\",\"url\":\"https:\/\/makerspace-rheinfelden.ch\/blog\/die-werkstatt\/\",\"name\":\"Die Werkstatt - Makerspace FabLab Rheinfelden\",\"isPartOf\":{\"@id\":\"https:\/\/makerspace-rheinfelden.ch\/blog\/#website\"},\"primaryImageOfPage\":{\"@id\":\"https:\/\/makerspace-rheinfelden.ch\/blog\/die-werkstatt\/#primaryimage\"},\"datePublished\":\"2015-06-29T14:37:05+00:00\",\"dateModified\":\"2017-10-09T17:20:26+00:00\",\"breadcrumb\":{\"@id\":\"https:\/\/makerspace-rheinfelden.ch\/blog\/die-werkstatt\/#breadcrumb\"},\"inLanguage\":\"de\",\"potentialAction\":[{\"@type\":\"ReadAction\",\"target\":[\"https:\/\/makerspace-rheinfelden.ch\/blog\/die-werkstatt\/\"]}]},{\"@type\":\"BreadcrumbList\",\"@id\":\"https:\/\/makerspace-rheinfelden.ch\/blog\/die-werkstatt\/#breadcrumb\",\"itemListElement\":[{\"@type\":\"ListItem\",\"position\":1,\"name\":\"Startseite\",\"item\":\"https:\/\/makerspace-rheinfelden.ch\/blog\/\"},{\"@type\":\"ListItem\",\"position\":2,\"name\":\"Die Werkstatt\"}]}]}<\/script>\n<!-- \/ Yoast SEO plugin. -->","yoast_head_json":{"robots":{"index":"noindex","follow":"follow","max-snippet":"max-snippet:-1","max-image-preview":"max-image-preview:large","max-video-preview":"max-video-preview:-1"},"og_locale":"de_DE","og_type":"article","og_title":"Die Werkstatt - Makerspace FabLab Rheinfelden","og_description":"Anfang September 2015 haben\u00a0wir unsere Werkstatt am Weidenweg 17 in Rheinfelden AG bezogen, wo wir von der Firma Indutrade Switzerland AG zwei R\u00e4ume von 50 m\u00b2 und 80 m\u00b2 gemietet haben. Der Eingang befindet sich links neben der Laderampe, die am einfachsten \u00fcber den \u00a0Pappelnweg zu erreichen ist. In 100 m Entfernung ist\u00a0die Bushaltestelle Pappelnweg... Weiterlesen \u2192","og_url":"https:\/\/makerspace-rheinfelden.ch\/blog\/die-werkstatt\/","og_site_name":"Makerspace FabLab Rheinfelden","article_modified_time":"2017-10-09T17:20:26+00:00","og_image":[{"url":"http:\/\/makerspace-rheinfelden.ch.puls.ch-meta.net\/blog\/wp-content\/uploads\/2015\/06\/Bildschirmfoto-2015-09-05-um-13.44.57.png"}],"twitter_card":"summary","twitter_misc":{"Gesch\u00e4tzte Lesezeit":"1\u00a0Minute"},"schema":{"@context":"https:\/\/schema.org","@graph":[{"@type":"WebSite","@id":"https:\/\/makerspace-rheinfelden.ch\/blog\/#website","url":"https:\/\/makerspace-rheinfelden.ch\/blog\/","name":"Makerspace FabLab Rheinfelden","description":"Webseite des Vereins Makerspace Fablab Rheinfelden","potentialAction":[{"@type":"SearchAction","target":{"@type":"EntryPoint","urlTemplate":"https:\/\/makerspace-rheinfelden.ch\/blog\/?s={search_term_string}"},"query-input":"required name=search_term_string"}],"inLanguage":"de"},{"@type":"ImageObject","@id":"https:\/\/makerspace-rheinfelden.ch\/blog\/die-werkstatt\/#primaryimage","inLanguage":"de","url":"http:\/\/makerspace-rheinfelden.ch.puls.ch-meta.net\/blog\/wp-content\/uploads\/2015\/06\/Bildschirmfoto-2015-09-05-um-13.44.57.png","contentUrl":"http:\/\/makerspace-rheinfelden.ch.puls.ch-meta.net\/blog\/wp-content\/uploads\/2015\/06\/Bildschirmfoto-2015-09-05-um-13.44.57.png"},{"@type":"WebPage","@id":"https:\/\/makerspace-rheinfelden.ch\/blog\/die-werkstatt\/#webpage","url":"https:\/\/makerspace-rheinfelden.ch\/blog\/die-werkstatt\/","name":"Die Werkstatt - Makerspace FabLab Rheinfelden","isPartOf":{"@id":"https:\/\/makerspace-rheinfelden.ch\/blog\/#website"},"primaryImageOfPage":{"@id":"https:\/\/makerspace-rheinfelden.ch\/blog\/die-werkstatt\/#primaryimage"},"datePublished":"2015-06-29T14:37:05+00:00","dateModified":"2017-10-09T17:20:26+00:00","breadcrumb":{"@id":"https:\/\/makerspace-rheinfelden.ch\/blog\/die-werkstatt\/#breadcrumb"},"inLanguage":"de","potentialAction":[{"@type":"ReadAction","target":["https:\/\/makerspace-rheinfelden.ch\/blog\/die-werkstatt\/"]}]},{"@type":"BreadcrumbList","@id":"https:\/\/makerspace-rheinfelden.ch\/blog\/die-werkstatt\/#breadcrumb","itemListElement":[{"@type":"ListItem","position":1,"name":"Startseite","item":"https:\/\/makerspace-rheinfelden.ch\/blog\/"},{"@type":"ListItem","position":2,"name":"Die Werkstatt"}]}]}},"_links":{"self":[{"href":"https:\/\/makerspace-rheinfelden.ch\/blog\/wp-json\/wp\/v2\/pages\/7"}],"collection":[{"href":"https:\/\/makerspace-rheinfelden.ch\/blog\/wp-json\/wp\/v2\/pages"}],"about":[{"href":"https:\/\/makerspace-rheinfelden.ch\/blog\/wp-json\/wp\/v2\/types\/page"}],"author":[{"embeddable":true,"href":"https:\/\/makerspace-rheinfelden.ch\/blog\/wp-json\/wp\/v2\/users\/12"}],"replies":[{"embeddable":true,"href":"https:\/\/makerspace-rheinfelden.ch\/blog\/wp-json\/wp\/v2\/comments?post=7"}],"version-history":[{"count":44,"href":"https:\/\/makerspace-rheinfelden.ch\/blog\/wp-json\/wp\/v2\/pages\/7\/revisions"}],"predecessor-version":[{"id":2391,"href":"https:\/\/makerspace-rheinfelden.ch\/blog\/wp-json\/wp\/v2\/pages\/7\/revisions\/2391"}],"wp:attachment":[{"href":"https:\/\/makerspace-rheinfelden.ch\/blog\/wp-json\/wp\/v2\/media?parent=7"}],"curies":[{"name":"wp","href":"https:\/\/api.w.org\/{rel}","templated":true}]}}