{"id":14,"date":"2015-06-29T16:37:48","date_gmt":"2015-06-29T14:37:48","guid":{"rendered":"http:\/\/home.lohmueller.ch:4380\/blog\/?page_id=14"},"modified":"2017-10-09T20:16:02","modified_gmt":"2017-10-09T18:16:02","slug":"unterstuetze-uns","status":"publish","type":"page","link":"https:\/\/makerspace-rheinfelden.ch\/blog\/unterstuetze-uns\/","title":{"rendered":"Unterst\u00fctze uns"},"content":{"rendered":"<p>Der Verein FabLab Makerspace Rheinfelden freut sich \u00fcber jede Unterst\u00fctzung in Form von Spenden und Sponsoring.<br \/>\nGespendet werden kann durch eine \u00dcberweisung auf unser Postfinance-Konto. Nach Absprache nehmen wir auch gerne Ger\u00e4te und Materialien, dauerhaft oder als Leihgabe entgegen.<\/p>\n<p>Vom 10.09.2015 &#8211; 25.10.2015 lancierten wir eine <a href=\"https:\/\/wemakeit.com\/projects\/fablabmakerspace-rheinfelden\/\" target=\"_blank\" rel=\"noopener\">Crowdfunding-Kampagne<\/a> um Mitglieder anzuwerben. Schauen Sie sich die Presseartikel (<a href=\"http:\/\/makerspace-rheinfelden.ch\/blog\/wp-content\/uploads\/2015\/06\/01_11.09.2015.pdf\" target=\"_blank\" rel=\"noopener\">NFZ 11.09,2015<\/a>;\u00a0<a href=\"http:\/\/makerspace-rheinfelden.ch\/blog\/wp-content\/uploads\/2015\/10\/FRI_02.pdf\" target=\"_blank\" rel=\"noopener\">AZ 06.10.2015<\/a> ) und die <a href=\"https:\/\/www.facebook.com\/media\/set\/?set=a.1641787616107207.1073741829.1409102422709062&amp;type=1&amp;l=b198b39c72\" target=\"_blank\" rel=\"noopener\">Fotos vom Er\u00f6ffnungsfest<\/a> (10.10.2015) an.<\/p>\n<p>&nbsp;<\/p>\n<p>Postfinance:<\/p>\n<p>FabLab Makerspace Rheinfelden<\/p>\n<p>4310 Rheinfelden<\/p>\n<p>Kontonummer: 89-576586-3<\/p>\n<p>&nbsp;<\/p>\n<pre>Unsere Sponsoren<\/pre>\n<div style=\"padding: 0px 10px;\"><a href=\"http:\/\/www.steffeninf.ch\" target=\"_blank\" rel=\"attachment wp-att-1439 noopener\" class=\"broken_link\"><img loading=\"lazy\" width=\"243\" height=\"60\" class=\"alignnone size-full wp-image-1439\" src=\"https:\/\/makerspace-rheinfelden.ch\/blog\/wp-content\/uploads\/2016\/02\/steffeninf.png\" alt=\"steffeninf\" srcset=\"https:\/\/makerspace-rheinfelden.ch\/blog\/wp-content\/uploads\/2016\/02\/steffeninf.png 243w, https:\/\/makerspace-rheinfelden.ch\/blog\/wp-content\/uploads\/2016\/02\/steffeninf-120x30.png 120w\" sizes=\"(max-width: 243px) 100vw, 243px\" \/><\/a> <a href=\"http:\/\/www.estlcam.com\" target=\"_blank\" rel=\"attachment wp-att-1438 noopener\"><img loading=\"lazy\" width=\"132\" height=\"60\" class=\"alignnone size-full wp-image-1438\" src=\"https:\/\/makerspace-rheinfelden.ch\/blog\/wp-content\/uploads\/2016\/02\/estlcam.png\" alt=\"estlcam\" srcset=\"https:\/\/makerspace-rheinfelden.ch\/blog\/wp-content\/uploads\/2016\/02\/estlcam.png 132w, https:\/\/makerspace-rheinfelden.ch\/blog\/wp-content\/uploads\/2016\/02\/estlcam-120x55.png 120w\" sizes=\"(max-width: 132px) 100vw, 132px\" \/><\/a><\/div>\n","protected":false},"excerpt":{"rendered":"Der Verein FabLab Makerspace Rheinfelden freut sich \u00fcber jede Unterst\u00fctzung in Form von Spenden und Sponsoring. Gespendet werden kann durch eine \u00dcberweisung auf unser Postfinance-Konto. Nach Absprache nehmen wir auch gerne Ger\u00e4te und Materialien, dauerhaft oder als Leihgabe entgegen. Vom 10.09.2015 &#8211; 25.10.2015 lancierten wir eine Crowdfunding-Kampagne um Mitglieder anzuwerben. Schauen Sie sich die Presseartikel&#8230; <br \/><br \/><a class=\"view-article\" href=\"https:\/\/makerspace-rheinfelden.ch\/blog\/unterstuetze-uns\/\">Weiterlesen \u2192<\/a>","protected":false},"author":12,"featured_media":0,"parent":0,"menu_order":4,"comment_status":"closed","ping_status":"closed","template":"","meta":[],"yoast_head":"<!-- This site is optimized with the Yoast SEO plugin v17.0 - https:\/\/yoast.com\/wordpress\/plugins\/seo\/ -->\n<meta name=\"robots\" content=\"noindex, follow, max-snippet:-1, max-image-preview:large, max-video-preview:-1\" \/>\n<meta property=\"og:locale\" content=\"de_DE\" \/>\n<meta property=\"og:type\" content=\"article\" \/>\n<meta property=\"og:title\" content=\"Unterst\u00fctze uns - Makerspace FabLab Rheinfelden\" \/>\n<meta property=\"og:description\" content=\"Der Verein FabLab Makerspace Rheinfelden freut sich \u00fcber jede Unterst\u00fctzung in Form von Spenden und Sponsoring. Gespendet werden kann durch eine \u00dcberweisung auf unser Postfinance-Konto. Nach Absprache nehmen wir auch gerne Ger\u00e4te und Materialien, dauerhaft oder als Leihgabe entgegen. Vom 10.09.2015 &#8211; 25.10.2015 lancierten wir eine Crowdfunding-Kampagne um Mitglieder anzuwerben. Schauen Sie sich die Presseartikel... Weiterlesen \u2192\" \/>\n<meta property=\"og:url\" content=\"https:\/\/makerspace-rheinfelden.ch\/blog\/unterstuetze-uns\/\" \/>\n<meta property=\"og:site_name\" content=\"Makerspace FabLab Rheinfelden\" \/>\n<meta property=\"article:modified_time\" content=\"2017-10-09T18:16:02+00:00\" \/>\n<meta property=\"og:image\" content=\"https:\/\/makerspace-rheinfelden.ch\/blog\/wp-content\/uploads\/2016\/02\/steffeninf.png\" \/>\n<meta name=\"twitter:card\" content=\"summary\" \/>\n<script type=\"application\/ld+json\" class=\"yoast-schema-graph\">{\"@context\":\"https:\/\/schema.org\",\"@graph\":[{\"@type\":\"WebSite\",\"@id\":\"https:\/\/makerspace-rheinfelden.ch\/blog\/#website\",\"url\":\"https:\/\/makerspace-rheinfelden.ch\/blog\/\",\"name\":\"Makerspace FabLab Rheinfelden\",\"description\":\"Webseite des Vereins Makerspace Fablab Rheinfelden\",\"potentialAction\":[{\"@type\":\"SearchAction\",\"target\":{\"@type\":\"EntryPoint\",\"urlTemplate\":\"https:\/\/makerspace-rheinfelden.ch\/blog\/?s={search_term_string}\"},\"query-input\":\"required name=search_term_string\"}],\"inLanguage\":\"de\"},{\"@type\":\"ImageObject\",\"@id\":\"https:\/\/makerspace-rheinfelden.ch\/blog\/unterstuetze-uns\/#primaryimage\",\"inLanguage\":\"de\",\"url\":\"https:\/\/makerspace-rheinfelden.ch\/blog\/wp-content\/uploads\/2016\/02\/steffeninf.png\",\"contentUrl\":\"https:\/\/makerspace-rheinfelden.ch\/blog\/wp-content\/uploads\/2016\/02\/steffeninf.png\",\"width\":243,\"height\":60},{\"@type\":\"WebPage\",\"@id\":\"https:\/\/makerspace-rheinfelden.ch\/blog\/unterstuetze-uns\/#webpage\",\"url\":\"https:\/\/makerspace-rheinfelden.ch\/blog\/unterstuetze-uns\/\",\"name\":\"Unterst\\u00fctze uns - Makerspace FabLab Rheinfelden\",\"isPartOf\":{\"@id\":\"https:\/\/makerspace-rheinfelden.ch\/blog\/#website\"},\"primaryImageOfPage\":{\"@id\":\"https:\/\/makerspace-rheinfelden.ch\/blog\/unterstuetze-uns\/#primaryimage\"},\"datePublished\":\"2015-06-29T14:37:48+00:00\",\"dateModified\":\"2017-10-09T18:16:02+00:00\",\"breadcrumb\":{\"@id\":\"https:\/\/makerspace-rheinfelden.ch\/blog\/unterstuetze-uns\/#breadcrumb\"},\"inLanguage\":\"de\",\"potentialAction\":[{\"@type\":\"ReadAction\",\"target\":[\"https:\/\/makerspace-rheinfelden.ch\/blog\/unterstuetze-uns\/\"]}]},{\"@type\":\"BreadcrumbList\",\"@id\":\"https:\/\/makerspace-rheinfelden.ch\/blog\/unterstuetze-uns\/#breadcrumb\",\"itemListElement\":[{\"@type\":\"ListItem\",\"position\":1,\"name\":\"Startseite\",\"item\":\"https:\/\/makerspace-rheinfelden.ch\/blog\/\"},{\"@type\":\"ListItem\",\"position\":2,\"name\":\"Unterst\\u00fctze uns\"}]}]}<\/script>\n<!-- \/ Yoast SEO plugin. -->","yoast_head_json":{"robots":{"index":"noindex","follow":"follow","max-snippet":"max-snippet:-1","max-image-preview":"max-image-preview:large","max-video-preview":"max-video-preview:-1"},"og_locale":"de_DE","og_type":"article","og_title":"Unterst\u00fctze uns - Makerspace FabLab Rheinfelden","og_description":"Der Verein FabLab Makerspace Rheinfelden freut sich \u00fcber jede Unterst\u00fctzung in Form von Spenden und Sponsoring. Gespendet werden kann durch eine \u00dcberweisung auf unser Postfinance-Konto. Nach Absprache nehmen wir auch gerne Ger\u00e4te und Materialien, dauerhaft oder als Leihgabe entgegen. Vom 10.09.2015 &#8211; 25.10.2015 lancierten wir eine Crowdfunding-Kampagne um Mitglieder anzuwerben. Schauen Sie sich die Presseartikel... Weiterlesen \u2192","og_url":"https:\/\/makerspace-rheinfelden.ch\/blog\/unterstuetze-uns\/","og_site_name":"Makerspace FabLab Rheinfelden","article_modified_time":"2017-10-09T18:16:02+00:00","og_image":[{"url":"https:\/\/makerspace-rheinfelden.ch\/blog\/wp-content\/uploads\/2016\/02\/steffeninf.png"}],"twitter_card":"summary","schema":{"@context":"https:\/\/schema.org","@graph":[{"@type":"WebSite","@id":"https:\/\/makerspace-rheinfelden.ch\/blog\/#website","url":"https:\/\/makerspace-rheinfelden.ch\/blog\/","name":"Makerspace FabLab Rheinfelden","description":"Webseite des Vereins Makerspace Fablab Rheinfelden","potentialAction":[{"@type":"SearchAction","target":{"@type":"EntryPoint","urlTemplate":"https:\/\/makerspace-rheinfelden.ch\/blog\/?s={search_term_string}"},"query-input":"required name=search_term_string"}],"inLanguage":"de"},{"@type":"ImageObject","@id":"https:\/\/makerspace-rheinfelden.ch\/blog\/unterstuetze-uns\/#primaryimage","inLanguage":"de","url":"https:\/\/makerspace-rheinfelden.ch\/blog\/wp-content\/uploads\/2016\/02\/steffeninf.png","contentUrl":"https:\/\/makerspace-rheinfelden.ch\/blog\/wp-content\/uploads\/2016\/02\/steffeninf.png","width":243,"height":60},{"@type":"WebPage","@id":"https:\/\/makerspace-rheinfelden.ch\/blog\/unterstuetze-uns\/#webpage","url":"https:\/\/makerspace-rheinfelden.ch\/blog\/unterstuetze-uns\/","name":"Unterst\u00fctze uns - Makerspace FabLab Rheinfelden","isPartOf":{"@id":"https:\/\/makerspace-rheinfelden.ch\/blog\/#website"},"primaryImageOfPage":{"@id":"https:\/\/makerspace-rheinfelden.ch\/blog\/unterstuetze-uns\/#primaryimage"},"datePublished":"2015-06-29T14:37:48+00:00","dateModified":"2017-10-09T18:16:02+00:00","breadcrumb":{"@id":"https:\/\/makerspace-rheinfelden.ch\/blog\/unterstuetze-uns\/#breadcrumb"},"inLanguage":"de","potentialAction":[{"@type":"ReadAction","target":["https:\/\/makerspace-rheinfelden.ch\/blog\/unterstuetze-uns\/"]}]},{"@type":"BreadcrumbList","@id":"https:\/\/makerspace-rheinfelden.ch\/blog\/unterstuetze-uns\/#breadcrumb","itemListElement":[{"@type":"ListItem","position":1,"name":"Startseite","item":"https:\/\/makerspace-rheinfelden.ch\/blog\/"},{"@type":"ListItem","position":2,"name":"Unterst\u00fctze uns"}]}]}},"_links":{"self":[{"href":"https:\/\/makerspace-rheinfelden.ch\/blog\/wp-json\/wp\/v2\/pages\/14"}],"collection":[{"href":"https:\/\/makerspace-rheinfelden.ch\/blog\/wp-json\/wp\/v2\/pages"}],"about":[{"href":"https:\/\/makerspace-rheinfelden.ch\/blog\/wp-json\/wp\/v2\/types\/page"}],"author":[{"embeddable":true,"href":"https:\/\/makerspace-rheinfelden.ch\/blog\/wp-json\/wp\/v2\/users\/12"}],"replies":[{"embeddable":true,"href":"https:\/\/makerspace-rheinfelden.ch\/blog\/wp-json\/wp\/v2\/comments?post=14"}],"version-history":[{"count":37,"href":"https:\/\/makerspace-rheinfelden.ch\/blog\/wp-json\/wp\/v2\/pages\/14\/revisions"}],"predecessor-version":[{"id":2397,"href":"https:\/\/makerspace-rheinfelden.ch\/blog\/wp-json\/wp\/v2\/pages\/14\/revisions\/2397"}],"wp:attachment":[{"href":"https:\/\/makerspace-rheinfelden.ch\/blog\/wp-json\/wp\/v2\/media?parent=14"}],"curies":[{"name":"wp","href":"https:\/\/api.w.org\/{rel}","templated":true}]}}