{"id":12,"date":"2015-06-29T16:37:35","date_gmt":"2015-06-29T14:37:35","guid":{"rendered":"http:\/\/home.lohmueller.ch:4380\/blog\/?page_id=12"},"modified":"2017-10-09T20:14:43","modified_gmt":"2017-10-09T18:14:43","slug":"mach-mit","status":"publish","type":"page","link":"https:\/\/makerspace-rheinfelden.ch\/blog\/mach-mit\/","title":{"rendered":"Mach mit"},"content":{"rendered":"<p style=\"text-align: justify;\">Im FabLab Makerspace Rheinfelden sind alle ambitionierten Bastler, T\u00fcftler und Handwerker herzlich willkommen. Bereits mit\u00a0den Gr\u00fcndungsmitgliedern\u00a0decken wir \u00a0alle Altersgruppen vom Studenten bis zum Pensionierten ab \u2013 alle sind willkommen!<\/p>\n<p style=\"text-align: justify;\">Mitglieder des Vereins d\u00fcrfen die Werkstatt und s\u00e4mtliche Kleinger\u00e4te des Makerspace FabLab Rheinfelden nutzen. Die Kosten f\u00fcr die Benutzung der Maschinen und des Materials kann man im <a href=\"https:\/\/makerspace-rheinfelden.ch\/blog\/wiki\/\">Wiki<\/a> und vor Ort auf den Maschinenschildern nachlesen. Eine Mitgliedschaft f\u00fcr den Verein kostet CHF 150.- pro Kalenderjahr.\u00a0Wenn man kurz vor Jahresende Mitglied wird, wird aus Kulanz kein Jahresmitgliederbeitrag f\u00fcrs ausklingende Jahr verrechnet.<\/p>\n<p style=\"text-align: justify;\">Unsere Werkstatt ist jeden Samstag von 10\u00a0bis 17 Uhr und Mittwochs von 18:30 Uhr bis 22:00 Uhr ge\u00f6ffnet. Interessenten sind an diesen Tagen\u00a0eingeladen uns zu besuchen und sich von der Werkstatt inspirieren zu lassen. Vor-Ort k\u00f6nnen allf\u00e4llige Fragen gekl\u00e4rt werden und in der Werkstatt liegt auch das Anmeldeformular f\u00fcr neue Mitglieder auf.<\/p>\n<p style=\"text-align: justify;\">Noch Fragen? Gerne beantworten wir Fragen per E-Mail:<\/p>\n<p style=\"text-align: justify;\"><a href=\"&#x6d;&#x61;&#x69;&#x6c;&#x74;&#x6f;&#x3a;&#105;&#110;&#102;o&#64;make&#x72;&#x73;&#x70;&#x61;&#x63;&#x65;&#x2d;&#x72;&#104;&#101;infelde&#x6e;&#x2e;&#x63;&#x68;\">&#x69;&#110;fo&#x40;&#x6d;ak&#x65;&#x72;sp&#x61;&#x63;&#101;-&#x72;&#x68;&#101;i&#x6e;&#x66;&#101;l&#x64;&#x65;&#110;.c&#x68;<\/a><\/p>\n<p>Das Anmeldeformular ist\u00a0<a href=\"https:\/\/makerspace-rheinfelden.ch\/blog\/wp-content\/uploads\/2015\/06\/Mitgliedervertrag.pdf\">auch online verf\u00fcgbar<\/a>\u00a0und kann beispielsweise auch ausgef\u00fcllt in die Werkstatt mitgebracht werden.<\/p>\n","protected":false},"excerpt":{"rendered":"Im FabLab Makerspace Rheinfelden sind alle ambitionierten Bastler, T\u00fcftler und Handwerker herzlich willkommen. Bereits mit\u00a0den Gr\u00fcndungsmitgliedern\u00a0decken wir \u00a0alle Altersgruppen vom Studenten bis zum Pensionierten ab \u2013 alle sind willkommen! Mitglieder des Vereins d\u00fcrfen die Werkstatt und s\u00e4mtliche Kleinger\u00e4te des Makerspace FabLab Rheinfelden nutzen. Die Kosten f\u00fcr die Benutzung der Maschinen und des Materials kann man&#8230; <br \/><br \/><a class=\"view-article\" href=\"https:\/\/makerspace-rheinfelden.ch\/blog\/mach-mit\/\">Weiterlesen \u2192<\/a>","protected":false},"author":12,"featured_media":0,"parent":0,"menu_order":3,"comment_status":"closed","ping_status":"closed","template":"","meta":[],"yoast_head":"<!-- This site is optimized with the Yoast SEO plugin v17.0 - https:\/\/yoast.com\/wordpress\/plugins\/seo\/ -->\n<meta name=\"robots\" content=\"noindex, follow, max-snippet:-1, max-image-preview:large, max-video-preview:-1\" \/>\n<meta property=\"og:locale\" content=\"de_DE\" \/>\n<meta property=\"og:type\" content=\"article\" \/>\n<meta property=\"og:title\" content=\"Mach mit - Makerspace FabLab Rheinfelden\" \/>\n<meta property=\"og:description\" content=\"Im FabLab Makerspace Rheinfelden sind alle ambitionierten Bastler, T\u00fcftler und Handwerker herzlich willkommen. Bereits mit\u00a0den Gr\u00fcndungsmitgliedern\u00a0decken wir \u00a0alle Altersgruppen vom Studenten bis zum Pensionierten ab \u2013 alle sind willkommen! Mitglieder des Vereins d\u00fcrfen die Werkstatt und s\u00e4mtliche Kleinger\u00e4te des Makerspace FabLab Rheinfelden nutzen. Die Kosten f\u00fcr die Benutzung der Maschinen und des Materials kann man... Weiterlesen \u2192\" \/>\n<meta property=\"og:url\" content=\"https:\/\/makerspace-rheinfelden.ch\/blog\/mach-mit\/\" \/>\n<meta property=\"og:site_name\" content=\"Makerspace FabLab Rheinfelden\" \/>\n<meta property=\"article:modified_time\" content=\"2017-10-09T18:14:43+00:00\" \/>\n<meta name=\"twitter:card\" content=\"summary\" \/>\n<meta name=\"twitter:label1\" content=\"Gesch\u00e4tzte Lesezeit\" \/>\n\t<meta name=\"twitter:data1\" content=\"1\u00a0Minute\" \/>\n<script type=\"application\/ld+json\" class=\"yoast-schema-graph\">{\"@context\":\"https:\/\/schema.org\",\"@graph\":[{\"@type\":\"WebSite\",\"@id\":\"https:\/\/makerspace-rheinfelden.ch\/blog\/#website\",\"url\":\"https:\/\/makerspace-rheinfelden.ch\/blog\/\",\"name\":\"Makerspace FabLab Rheinfelden\",\"description\":\"Webseite des Vereins Makerspace Fablab Rheinfelden\",\"potentialAction\":[{\"@type\":\"SearchAction\",\"target\":{\"@type\":\"EntryPoint\",\"urlTemplate\":\"https:\/\/makerspace-rheinfelden.ch\/blog\/?s={search_term_string}\"},\"query-input\":\"required name=search_term_string\"}],\"inLanguage\":\"de\"},{\"@type\":\"WebPage\",\"@id\":\"https:\/\/makerspace-rheinfelden.ch\/blog\/mach-mit\/#webpage\",\"url\":\"https:\/\/makerspace-rheinfelden.ch\/blog\/mach-mit\/\",\"name\":\"Mach mit - Makerspace FabLab Rheinfelden\",\"isPartOf\":{\"@id\":\"https:\/\/makerspace-rheinfelden.ch\/blog\/#website\"},\"datePublished\":\"2015-06-29T14:37:35+00:00\",\"dateModified\":\"2017-10-09T18:14:43+00:00\",\"breadcrumb\":{\"@id\":\"https:\/\/makerspace-rheinfelden.ch\/blog\/mach-mit\/#breadcrumb\"},\"inLanguage\":\"de\",\"potentialAction\":[{\"@type\":\"ReadAction\",\"target\":[\"https:\/\/makerspace-rheinfelden.ch\/blog\/mach-mit\/\"]}]},{\"@type\":\"BreadcrumbList\",\"@id\":\"https:\/\/makerspace-rheinfelden.ch\/blog\/mach-mit\/#breadcrumb\",\"itemListElement\":[{\"@type\":\"ListItem\",\"position\":1,\"name\":\"Startseite\",\"item\":\"https:\/\/makerspace-rheinfelden.ch\/blog\/\"},{\"@type\":\"ListItem\",\"position\":2,\"name\":\"Mach mit\"}]}]}<\/script>\n<!-- \/ Yoast SEO plugin. -->","yoast_head_json":{"robots":{"index":"noindex","follow":"follow","max-snippet":"max-snippet:-1","max-image-preview":"max-image-preview:large","max-video-preview":"max-video-preview:-1"},"og_locale":"de_DE","og_type":"article","og_title":"Mach mit - Makerspace FabLab Rheinfelden","og_description":"Im FabLab Makerspace Rheinfelden sind alle ambitionierten Bastler, T\u00fcftler und Handwerker herzlich willkommen. Bereits mit\u00a0den Gr\u00fcndungsmitgliedern\u00a0decken wir \u00a0alle Altersgruppen vom Studenten bis zum Pensionierten ab \u2013 alle sind willkommen! Mitglieder des Vereins d\u00fcrfen die Werkstatt und s\u00e4mtliche Kleinger\u00e4te des Makerspace FabLab Rheinfelden nutzen. Die Kosten f\u00fcr die Benutzung der Maschinen und des Materials kann man... Weiterlesen \u2192","og_url":"https:\/\/makerspace-rheinfelden.ch\/blog\/mach-mit\/","og_site_name":"Makerspace FabLab Rheinfelden","article_modified_time":"2017-10-09T18:14:43+00:00","twitter_card":"summary","twitter_misc":{"Gesch\u00e4tzte Lesezeit":"1\u00a0Minute"},"schema":{"@context":"https:\/\/schema.org","@graph":[{"@type":"WebSite","@id":"https:\/\/makerspace-rheinfelden.ch\/blog\/#website","url":"https:\/\/makerspace-rheinfelden.ch\/blog\/","name":"Makerspace FabLab Rheinfelden","description":"Webseite des Vereins Makerspace Fablab Rheinfelden","potentialAction":[{"@type":"SearchAction","target":{"@type":"EntryPoint","urlTemplate":"https:\/\/makerspace-rheinfelden.ch\/blog\/?s={search_term_string}"},"query-input":"required name=search_term_string"}],"inLanguage":"de"},{"@type":"WebPage","@id":"https:\/\/makerspace-rheinfelden.ch\/blog\/mach-mit\/#webpage","url":"https:\/\/makerspace-rheinfelden.ch\/blog\/mach-mit\/","name":"Mach mit - Makerspace FabLab Rheinfelden","isPartOf":{"@id":"https:\/\/makerspace-rheinfelden.ch\/blog\/#website"},"datePublished":"2015-06-29T14:37:35+00:00","dateModified":"2017-10-09T18:14:43+00:00","breadcrumb":{"@id":"https:\/\/makerspace-rheinfelden.ch\/blog\/mach-mit\/#breadcrumb"},"inLanguage":"de","potentialAction":[{"@type":"ReadAction","target":["https:\/\/makerspace-rheinfelden.ch\/blog\/mach-mit\/"]}]},{"@type":"BreadcrumbList","@id":"https:\/\/makerspace-rheinfelden.ch\/blog\/mach-mit\/#breadcrumb","itemListElement":[{"@type":"ListItem","position":1,"name":"Startseite","item":"https:\/\/makerspace-rheinfelden.ch\/blog\/"},{"@type":"ListItem","position":2,"name":"Mach mit"}]}]}},"_links":{"self":[{"href":"https:\/\/makerspace-rheinfelden.ch\/blog\/wp-json\/wp\/v2\/pages\/12"}],"collection":[{"href":"https:\/\/makerspace-rheinfelden.ch\/blog\/wp-json\/wp\/v2\/pages"}],"about":[{"href":"https:\/\/makerspace-rheinfelden.ch\/blog\/wp-json\/wp\/v2\/types\/page"}],"author":[{"embeddable":true,"href":"https:\/\/makerspace-rheinfelden.ch\/blog\/wp-json\/wp\/v2\/users\/12"}],"replies":[{"embeddable":true,"href":"https:\/\/makerspace-rheinfelden.ch\/blog\/wp-json\/wp\/v2\/comments?post=12"}],"version-history":[{"count":36,"href":"https:\/\/makerspace-rheinfelden.ch\/blog\/wp-json\/wp\/v2\/pages\/12\/revisions"}],"predecessor-version":[{"id":2396,"href":"https:\/\/makerspace-rheinfelden.ch\/blog\/wp-json\/wp\/v2\/pages\/12\/revisions\/2396"}],"wp:attachment":[{"href":"https:\/\/makerspace-rheinfelden.ch\/blog\/wp-json\/wp\/v2\/media?parent=12"}],"curies":[{"name":"wp","href":"https:\/\/api.w.org\/{rel}","templated":true}]}}