{"id":10,"date":"2015-06-29T16:37:22","date_gmt":"2015-06-29T14:37:22","guid":{"rendered":"http:\/\/home.lohmueller.ch:4380\/blog\/?page_id=10"},"modified":"2017-10-09T19:30:35","modified_gmt":"2017-10-09T17:30:35","slug":"der-verein","status":"publish","type":"page","link":"https:\/\/makerspace-rheinfelden.ch\/blog\/der-verein\/","title":{"rendered":"Der Verein"},"content":{"rendered":"<p><strong>Ziel und Zweck<\/strong><\/p>\n<p style=\"text-align: justify;\">Der Verein FabLab Makerspace Rheinfelden hat sich zum Ziel gesetzt, allen Interessierten in und um Rheinfelden AG die\u00a0M\u00f6glichkeit zu bieten, mit einer modernen Werkstatt gemeinsam die\u00a0Entwicklung, Herstellung und Reparatur von mechanischen und elektronischen Gegenst\u00e4nden zu unterst\u00fctzen.<\/p>\n<p style=\"text-align: justify;\">Dabei ist es uns wichtig, m\u00f6glichst dem Open Source-Gedanken zu folgen und wo immer m\u00f6glich, Programme und Bauanleitungen \u00f6ffentlich zur Verf\u00fcgung zu stellen. Das wird im Wiki dokumentiert.<\/p>\n<p style=\"text-align: justify;\">Es soll ein offener Erfahrungs- und Wissensaustausch zwischen den verschiedensten Berufsgruppen und Generationen stattfinden.<\/p>\n<p style=\"text-align: justify;\">F\u00fcr mehr Infos dazu, siehe auch:<\/p>\n<p style=\"text-align: justify;\"><a href=\"http:\/\/makerspace-rheinfelden.ch\/blog\/wp-content\/uploads\/2015\/06\/01_11.09.2015.pdf\">&#8222;Ein Ort f\u00fcr Macher&#8220;, Fricktaler Zeitung, 11.9.2015 (PDF)<\/a><\/p>\n<p><a href=\"https:\/\/makerspace-rheinfelden.ch\/blog\/wp-content\/uploads\/2015\/06\/2016_12_22_Fablab_Neue_Fricktaler_Zeitung.pdf\">&#8222;Wo Macher ihre Phantasien ausleben k\u00f6nnen&#8220;, Fricktaler Zeitung 22.12.2016 (PDF)<\/a><\/p>\n<p>&nbsp;<\/p>\n<p style=\"text-align: justify;\"><strong>Organisation\u00a0<\/strong><\/p>\n<p style=\"text-align: justify;\">Der Verein wurde im Mai 2015 von den zehn Gr\u00fcndungsmitgliedern gegr\u00fcndet. Claus Pfisterer ist der Pr\u00e4sident und wird in seinem Amt von den beiden Vizepr\u00e4sidenten Peter Meier und Dominik K\u00fcnzler unterst\u00fctzt.<\/p>\n<p style=\"text-align: justify;\">Der Vorstand und die FabLab Manager k\u00fcmmern sich um folgende Ressorts:<\/p>\n<ul>\n<li style=\"text-align: justify;\">Webseite, Unterhalt, Blogbewirtschaftung<\/li>\n<li>Vereinsraum<\/li>\n<li>Werkstatteinrichtung<\/li>\n<li>Fundraising<\/li>\n<li>Marketing, Werbung<\/li>\n<li>Finanzen<\/li>\n<\/ul>\n<p><strong>Gr\u00fcndungsmitglieder<\/strong><\/p>\n<p>Ein Grossteil der Gr\u00fcndungsmitglieder sind auch heute noch als FabLab Manager t\u00e4tig. Jedoch sind auch neue FabLab Manager dazugekommen. Der Volst\u00e4ndigkeit halber, sind hier die Gr\u00fcndungsmitglieder namentlich erw\u00e4hnt.<\/p>\n<p>Thomas Lohm\u00fcller, Claus Pfisterer, Peter Meier, Dominik K\u00fcnzler, Alain Hahn, Pascal Weber, Bernhard Geiser, Walter Grell, Marcel Keller, Andr\u00e9 M\u00f6ri<\/p>\n<p><a href=\"http:\/\/makerspace-rheinfelden.ch\/blog\/wp-content\/uploads\/2015\/06\/FabLab-Makerspace-STATUTEN-finale-Ausf\u00fchrung.pdf\">FabLab-Makerspace Statuten 2015<\/a><\/p>\n<p><strong>Begriffe Makerspace und FabLab<\/strong><\/p>\n<p style=\"text-align: justify;\">Ein Makerspace ist ein gemeinsamer Ort, wo Dinge hergestellt und repariert werden. Zudem ist es ein Raum der Begegnung und dem offenen Austausch von Wissen, Erfahrungen und handwerklichem K\u00f6nnen.<\/p>\n<p style=\"text-align: justify;\">Ein FabLab ist sowohl eine Fabrikationsst\u00e4tte, als auch ein Laboratorium. Damit soll ausgedr\u00fcckt werden, dass alle Schritte von der Idee \u00fcber Forschung und Entwicklung, bis und mit der Herstellung an diesem Ort durchgef\u00fchrt werden.<\/p>\n<p style=\"text-align: justify;\">Beiden Begriffen liegt die Idee zu Grunde, die F\u00e4higkeit, etwas selbst herzustellen und oder zu reparieren, zu f\u00f6rdern.<\/p>\n","protected":false},"excerpt":{"rendered":"Ziel und Zweck Der Verein FabLab Makerspace Rheinfelden hat sich zum Ziel gesetzt, allen Interessierten in und um Rheinfelden AG die\u00a0M\u00f6glichkeit zu bieten, mit einer modernen Werkstatt gemeinsam die\u00a0Entwicklung, Herstellung und Reparatur von mechanischen und elektronischen Gegenst\u00e4nden zu unterst\u00fctzen. Dabei ist es uns wichtig, m\u00f6glichst dem Open Source-Gedanken zu folgen und wo immer m\u00f6glich, Programme&#8230; <br \/><br \/><a class=\"view-article\" href=\"https:\/\/makerspace-rheinfelden.ch\/blog\/der-verein\/\">Weiterlesen \u2192<\/a>","protected":false},"author":12,"featured_media":0,"parent":0,"menu_order":2,"comment_status":"closed","ping_status":"closed","template":"","meta":[],"yoast_head":"<!-- This site is optimized with the Yoast SEO plugin v17.0 - https:\/\/yoast.com\/wordpress\/plugins\/seo\/ -->\n<meta name=\"robots\" content=\"noindex, follow, max-snippet:-1, max-image-preview:large, max-video-preview:-1\" \/>\n<meta property=\"og:locale\" content=\"de_DE\" \/>\n<meta property=\"og:type\" content=\"article\" \/>\n<meta property=\"og:title\" content=\"Der Verein - Makerspace FabLab Rheinfelden\" \/>\n<meta property=\"og:description\" content=\"Ziel und Zweck Der Verein FabLab Makerspace Rheinfelden hat sich zum Ziel gesetzt, allen Interessierten in und um Rheinfelden AG die\u00a0M\u00f6glichkeit zu bieten, mit einer modernen Werkstatt gemeinsam die\u00a0Entwicklung, Herstellung und Reparatur von mechanischen und elektronischen Gegenst\u00e4nden zu unterst\u00fctzen. Dabei ist es uns wichtig, m\u00f6glichst dem Open Source-Gedanken zu folgen und wo immer m\u00f6glich, Programme... Weiterlesen \u2192\" \/>\n<meta property=\"og:url\" content=\"https:\/\/makerspace-rheinfelden.ch\/blog\/der-verein\/\" \/>\n<meta property=\"og:site_name\" content=\"Makerspace FabLab Rheinfelden\" \/>\n<meta property=\"article:modified_time\" content=\"2017-10-09T17:30:35+00:00\" \/>\n<meta name=\"twitter:card\" content=\"summary\" \/>\n<meta name=\"twitter:label1\" content=\"Gesch\u00e4tzte Lesezeit\" \/>\n\t<meta name=\"twitter:data1\" content=\"2\u00a0Minuten\" \/>\n<script type=\"application\/ld+json\" class=\"yoast-schema-graph\">{\"@context\":\"https:\/\/schema.org\",\"@graph\":[{\"@type\":\"WebSite\",\"@id\":\"https:\/\/makerspace-rheinfelden.ch\/blog\/#website\",\"url\":\"https:\/\/makerspace-rheinfelden.ch\/blog\/\",\"name\":\"Makerspace FabLab Rheinfelden\",\"description\":\"Webseite des Vereins Makerspace Fablab Rheinfelden\",\"potentialAction\":[{\"@type\":\"SearchAction\",\"target\":{\"@type\":\"EntryPoint\",\"urlTemplate\":\"https:\/\/makerspace-rheinfelden.ch\/blog\/?s={search_term_string}\"},\"query-input\":\"required name=search_term_string\"}],\"inLanguage\":\"de\"},{\"@type\":\"WebPage\",\"@id\":\"https:\/\/makerspace-rheinfelden.ch\/blog\/der-verein\/#webpage\",\"url\":\"https:\/\/makerspace-rheinfelden.ch\/blog\/der-verein\/\",\"name\":\"Der Verein - Makerspace FabLab Rheinfelden\",\"isPartOf\":{\"@id\":\"https:\/\/makerspace-rheinfelden.ch\/blog\/#website\"},\"datePublished\":\"2015-06-29T14:37:22+00:00\",\"dateModified\":\"2017-10-09T17:30:35+00:00\",\"breadcrumb\":{\"@id\":\"https:\/\/makerspace-rheinfelden.ch\/blog\/der-verein\/#breadcrumb\"},\"inLanguage\":\"de\",\"potentialAction\":[{\"@type\":\"ReadAction\",\"target\":[\"https:\/\/makerspace-rheinfelden.ch\/blog\/der-verein\/\"]}]},{\"@type\":\"BreadcrumbList\",\"@id\":\"https:\/\/makerspace-rheinfelden.ch\/blog\/der-verein\/#breadcrumb\",\"itemListElement\":[{\"@type\":\"ListItem\",\"position\":1,\"name\":\"Startseite\",\"item\":\"https:\/\/makerspace-rheinfelden.ch\/blog\/\"},{\"@type\":\"ListItem\",\"position\":2,\"name\":\"Der Verein\"}]}]}<\/script>\n<!-- \/ Yoast SEO plugin. -->","yoast_head_json":{"robots":{"index":"noindex","follow":"follow","max-snippet":"max-snippet:-1","max-image-preview":"max-image-preview:large","max-video-preview":"max-video-preview:-1"},"og_locale":"de_DE","og_type":"article","og_title":"Der Verein - Makerspace FabLab Rheinfelden","og_description":"Ziel und Zweck Der Verein FabLab Makerspace Rheinfelden hat sich zum Ziel gesetzt, allen Interessierten in und um Rheinfelden AG die\u00a0M\u00f6glichkeit zu bieten, mit einer modernen Werkstatt gemeinsam die\u00a0Entwicklung, Herstellung und Reparatur von mechanischen und elektronischen Gegenst\u00e4nden zu unterst\u00fctzen. Dabei ist es uns wichtig, m\u00f6glichst dem Open Source-Gedanken zu folgen und wo immer m\u00f6glich, Programme... Weiterlesen \u2192","og_url":"https:\/\/makerspace-rheinfelden.ch\/blog\/der-verein\/","og_site_name":"Makerspace FabLab Rheinfelden","article_modified_time":"2017-10-09T17:30:35+00:00","twitter_card":"summary","twitter_misc":{"Gesch\u00e4tzte Lesezeit":"2\u00a0Minuten"},"schema":{"@context":"https:\/\/schema.org","@graph":[{"@type":"WebSite","@id":"https:\/\/makerspace-rheinfelden.ch\/blog\/#website","url":"https:\/\/makerspace-rheinfelden.ch\/blog\/","name":"Makerspace FabLab Rheinfelden","description":"Webseite des Vereins Makerspace Fablab Rheinfelden","potentialAction":[{"@type":"SearchAction","target":{"@type":"EntryPoint","urlTemplate":"https:\/\/makerspace-rheinfelden.ch\/blog\/?s={search_term_string}"},"query-input":"required name=search_term_string"}],"inLanguage":"de"},{"@type":"WebPage","@id":"https:\/\/makerspace-rheinfelden.ch\/blog\/der-verein\/#webpage","url":"https:\/\/makerspace-rheinfelden.ch\/blog\/der-verein\/","name":"Der Verein - Makerspace FabLab Rheinfelden","isPartOf":{"@id":"https:\/\/makerspace-rheinfelden.ch\/blog\/#website"},"datePublished":"2015-06-29T14:37:22+00:00","dateModified":"2017-10-09T17:30:35+00:00","breadcrumb":{"@id":"https:\/\/makerspace-rheinfelden.ch\/blog\/der-verein\/#breadcrumb"},"inLanguage":"de","potentialAction":[{"@type":"ReadAction","target":["https:\/\/makerspace-rheinfelden.ch\/blog\/der-verein\/"]}]},{"@type":"BreadcrumbList","@id":"https:\/\/makerspace-rheinfelden.ch\/blog\/der-verein\/#breadcrumb","itemListElement":[{"@type":"ListItem","position":1,"name":"Startseite","item":"https:\/\/makerspace-rheinfelden.ch\/blog\/"},{"@type":"ListItem","position":2,"name":"Der Verein"}]}]}},"_links":{"self":[{"href":"https:\/\/makerspace-rheinfelden.ch\/blog\/wp-json\/wp\/v2\/pages\/10"}],"collection":[{"href":"https:\/\/makerspace-rheinfelden.ch\/blog\/wp-json\/wp\/v2\/pages"}],"about":[{"href":"https:\/\/makerspace-rheinfelden.ch\/blog\/wp-json\/wp\/v2\/types\/page"}],"author":[{"embeddable":true,"href":"https:\/\/makerspace-rheinfelden.ch\/blog\/wp-json\/wp\/v2\/users\/12"}],"replies":[{"embeddable":true,"href":"https:\/\/makerspace-rheinfelden.ch\/blog\/wp-json\/wp\/v2\/comments?post=10"}],"version-history":[{"count":24,"href":"https:\/\/makerspace-rheinfelden.ch\/blog\/wp-json\/wp\/v2\/pages\/10\/revisions"}],"predecessor-version":[{"id":2393,"href":"https:\/\/makerspace-rheinfelden.ch\/blog\/wp-json\/wp\/v2\/pages\/10\/revisions\/2393"}],"wp:attachment":[{"href":"https:\/\/makerspace-rheinfelden.ch\/blog\/wp-json\/wp\/v2\/media?parent=10"}],"curies":[{"name":"wp","href":"https:\/\/api.w.org\/{rel}","templated":true}]}}